{"id":690,"date":"2018-12-04T09:18:56","date_gmt":"2018-12-04T08:18:56","guid":{"rendered":"https:\/\/trattereng.com\/privacy-policy\/"},"modified":"2018-12-20T16:58:03","modified_gmt":"2018-12-20T15:58:03","slug":"privacy-policy","status":"publish","type":"page","link":"https:\/\/trattereng.com\/de\/privacy-policy\/","title":{"rendered":"Privacy Policy"},"content":{"rendered":"[vc_row type=&#8220;in_container&#8220; full_screen_row_position=&#8220;middle&#8220; scene_position=&#8220;center&#8220; text_color=&#8220;dark&#8220; text_align=&#8220;left&#8220; overlay_strength=&#8220;0.3&#8243; shape_divider_position=&#8220;bottom&#8220;][vc_column column_padding=&#8220;no-extra-padding&#8220; column_padding_position=&#8220;all&#8220; background_color_opacity=&#8220;1&#8243; background_hover_color_opacity=&#8220;1&#8243; column_link_target=&#8220;_self&#8220; column_shadow=&#8220;none&#8220; column_border_radius=&#8220;none&#8220; width=&#8220;1\/1&#8243; tablet_width_inherit=&#8220;default&#8220; tablet_text_alignment=&#8220;default&#8220; phone_text_alignment=&#8220;default&#8220; column_border_width=&#8220;none&#8220; column_border_style=&#8220;solid&#8220;][divider line_type=&#8220;No Line&#8220; custom_height=&#8220;80&#8243;][vc_column_text]\n<div id=\"\">\n<p><strong>Aufkl\u00e4rungsschreiben im Sinne des Art. 13 der DSGVO 2016\/679 \u201eDATENSCHUTZKODEX\u201c<\/strong><\/p>\n<p>Im Sinne des Art. 13 der DSGVO 2016\/679 informieren wir dar\u00fcber, dass unsere Firma Tratter Engineering Srl die pers\u00f6nlichen Daten von Kunden und Lieferanten sowie Personen verarbeitet, die unserem B\u00fcro oder der Gesch\u00e4ftsleitung ihre Personalien willentlich (schriftlich, telefonisch, per Fax oder per E-Mail) mitteilen.<\/p>\n<p>Unsere Firma garantiert im Rahmen der gesetzlichen Vorgaben, dass die Verarbeitung der pers\u00f6nlichen Daten unter Ber\u00fccksichtigung der grundlegenden Rechte und Freiheiten sowie der W\u00fcrde des Betroffenen mit besonderem Bezug auf die Geheimhaltung, die pers\u00f6nliche Identit\u00e4t und das Recht auf Schutz der pers\u00f6nlichen Daten erfolgt.<\/p>\n<p>&nbsp;<\/p>\n<p><strong>Ziel- und Zweckstellungen bei der Datenverarbeitung<\/strong><\/p>\n<ul>\n<li>Erf\u00fcllung von gesetzlichen Pflichten, Pflichten aus Verordnungen, Gemeinschaftsnormen sowie zivil- und steuerrechtlichen Gesetzen<\/li>\n<li>Erf\u00fcllung eventueller vertraglicher Verpflichtungen gegen\u00fcber dem Betroffenen<\/li>\n<li>Erf\u00fcllung von T\u00e4tigkeiten in Verbindung mit der Gesch\u00e4ftst\u00e4tigkeit unserer Firma wie das Ausf\u00fcllen von internen Statistiken, zur Rechnungslegung sowie zur F\u00fchrung der Kunden-\/Lieferantenbuchhaltung<\/li>\n<li>Zielstellungen gesch\u00e4ftlicher Art wie die Zusendung von Gesch\u00e4ftsinformationen und Werbematerial (per Post, Fax und E-Mail), Marketing und Marktuntersuchungen<\/li>\n<li>Schutz der Forderungen und Verwaltung der Verbindlichkeiten<\/li>\n<\/ul>\n<p>&nbsp;<\/p>\n<p><strong>Freiwillige Weitergabe von Daten\u00a0<\/strong><br \/>\nUnter Beibehaltung des oben f\u00fcr die Daten der Webnavigation Genannten steht es dem Nutzer frei, dem Herausgeber\/Inhaber der Datenverarbeitung weitere Daten freiwillig zur Verf\u00fcgung zu stellen, um Zugang zu weiteren Dienstleistungen zu bekommen, etwa einem Newsletter, E-Commerce-Diensten oder Informations-Anfragen. Der Nutzer \u00fcbermittelt diese Daten \u00fcber die Website www.trattereng.com und gibt damit sein Einverst\u00e4ndnis zur Verarbeitung der Daten innerhalb der Grenzen und f\u00fcr den Zweck der von ihm angefragten Informationen.<br \/>\nWerden diese Daten nicht \u00fcbermittelt, bringt dies mit sich, dass die angefragten Dienstleistungen nicht erbracht oder die erbetenen Informationen nicht gegeben werden k\u00f6nnen. Es wird zudem darauf hingewiesen, dass das Akzeptieren so genannter Cookies unbedingt notwendig ist, um auf die dynamischen Webseiten zugreifen zu k\u00f6nnen.<\/p>\n<p>&nbsp;<\/p>\n<p><strong>\u00dcbermittlung und\/oder Verbreitung von Daten\u00a0<\/strong><br \/>\nDie pers\u00f6nlichen Daten der Nutzer werden einzig und allein daf\u00fcr verwendet, die angefragten Dienstleistungen erbringen oder die erbetenen Informationen geben zu k\u00f6nnen. Sie werden ausschlie\u00dflich in einem der folgenden F\u00e4lle an Dritte weitergegeben:<br \/>\nan Kreditinstitute, mit denen unsere Firma Gesch\u00e4ftsbeziehungen zur Verwaltung von Forderungen\/Verbindlichkeiten unterh\u00e4lt;<br \/>\nan nat\u00fcrliche und\/oder juristische, \u00f6ffentliche und\/oder private Personen (Rechts-, Verwaltungs- und Steuerberatungsb\u00fcros, Gerichte, Handelskammern usw.), wann immer dies f\u00fcr die Erbringung der vom Nutzer selbst angefragten Dienstleistung notwendig ist;<br \/>\ndie \u00dcbermittlung per Gesetz oder von entsprechenden Bestimmungen, auf Anordnung der Beh\u00f6rden oder im Zuge eines eventuellen gerichtlichen Vorgehens mit entsprechender Anordnung vorgeschrieben wird;<br \/>\nder Nutzer selbst den Inhaber der Website oder der Datenverarbeitung ausdr\u00fccklich dazu erm\u00e4chtigt, seine Daten Unternehmen weiterzugeben, um von diesen Angebote erhalten zu k\u00f6nnen, die auf seine durch die erworbenen oder \u00fcbermittelten Daten erhobenen Anliegen und W\u00fcnsche abgestimmt sind.<\/p>\n<p>&nbsp;<\/p>\n<p><strong>Art der Datenverarbeitung<\/strong><br \/>\nDie pers\u00f6nlichen Daten werden mit automatischen Hilfsmitteln verarbeitet, und zwar in anonymer Form und nur f\u00fcr den Zeitraum, der unbedingt notwendig ist, um die Zwecke zu erf\u00fcllen, f\u00fcr die die Daten erhoben worden sind. Es werden besondere Sicherheitsma\u00dfnahmen eingehalten, um verhindern zu k\u00f6nnen, dass Daten verloren gehen, missbr\u00e4uchlich oder unkorrekt verwendet werden oder nicht genehmigte Zugriffe erfolgen.<br \/>\nDie von unserer Firma verarbeiteten pers\u00f6nlichen Daten unterliegen keiner Verbreitung. Die Datenverarbeitung kann mit oder ohne Hilfe elektronischer, auf jeden Fall automatischer Mittel erfolgen und umfasst alle im Art. 4, Absatz 1, Buchstabe a des Gesetzesvertretenden Dekretes Nr. 196 vom 30. Juni 2003 vorgesehenen und f\u00fcr die betreffende Datenverarbeitung erforderlichen Vorg\u00e4nge. D.h. jeden mit oder ohne Hilfe elektronischer oder sonst wie automatisierter Verfahren ausgef\u00fchrten Vorgang oder jede Vorgangsreihe, bei dem bzw. bei der Daten erhoben, gespeichert, organisiert, aufbewahrt, erarbeitet, ver\u00e4ndert, ausgew\u00e4hlt, wieder gewonnen, verglichen, verwendet, verkn\u00fcpft, gesperrt, \u00fcbermittelt, verbreitet, gel\u00f6scht oder vernichtet werden In jedem Fall wird die Datenverarbeitung unter Einhaltung aller Sicherheitsma\u00dfnahmen durchgef\u00fchrt, die deren Sicherheit und Geheimhaltung gew\u00e4hrleisten.<\/p>\n<p>Das Datenschutzgesetz verleiht den Betroffenen die M\u00f6glichkeit zur Aus\u00fcbung bestimmter Rechte gem\u00e4\u00df Art. 7. D.h. im Einzelnen hat er das Recht zu wissen welche pers\u00f6nlichen Daten der Inhaber \u00fcber ihn besitzt und dar\u00fcber Auskunft zu erhalten, ob Daten \u00fcber ihn vorhanden sind, auch wenn sie noch nicht gespeichert sind und in verst\u00e4ndlicher Form n\u00e4here Angaben \u00fcber diese Daten, Herkunft und den Grund und Zweck ihrer Verarbeitung zu erfahren, sowie Angaben \u00fcber Inhaber und Verantwortlichen der Verarbeitung und Personen und Kategorien von Personen denen diese Daten m\u00f6glicherweise \u00fcbermittelt werden. Der Betroffene hat das Recht seine Daten zu best\u00e4tigen und zu kontrollieren, zu berichtigen und zu erg\u00e4nzen, zu beantragen, dass die Daten gel\u00f6scht, gesperrt und in anonyme Daten umgewandelt werden falls die Verarbeitung gegen die gesetzlichen Bestimmungen verst\u00f6\u00dft. Er hat das Recht sich aus gerechtfertigten Grund g\u00e4nzlich oder zum Teil der Verarbeitung seiner Daten zu widersetzten, sowie ihre L\u00f6schung, Sperrung, Umwandlung in anonyme Daten zu verlangen und ohne gerechtfertigten Grund, wenn Daten zum Zwecke der Handelsinformation, des Versands von Werbematerial, des Direktverkaufs, zu Markt und Meinungsforschung verwendet werden.<\/p>\n<p>Rechtsinhaber und Verantwortlicher der Datenverarbeitung<\/p>\n<p>Rechtsinhaber der Datenverarbeitung ist<br \/>\nVerantwortlicher der Datenverarbeitung ist<\/p>\n<p>&nbsp;<\/p>\n<p><strong>Ort der Datenverarbeitung<\/strong><\/p>\n<p>Die mit den Web-Dienstleistungen dieser Website zusammenh\u00e4ngende Datenverarbeitung erfolgt am Sitz des Verantwortlichen der Datenverarbeitung von Tratter Engineering Srl in Waltraud-Gebert-Deeg Stra\u00dfe 10 , 39100 Bozen \u00a0und wird nur vom technischen Personal der mit der Datenverarbeitung beauftragten Stelle oder von eventuell mit gelegentlicher Wartungsarbeit beauftragten Personen vorgenommen.<\/p>\n<p>Keine aus den Web-Dienstleistungen gewonnenen Daten werden an Dritte mitgeteilt oder verbreitet, ohne dass dazu das vorherige explizite Einverst\u00e4ndnis des Inhabers vorliegt oder zu Zwecken, die von den explizit genehmigten abweichen.<\/p>\n<p>&nbsp;<\/p>\n<p><strong>Cookie Policy Tratter Engineering Srl<\/strong><br \/>\nUm Ihren Besuch unserer Website so angenehm wie m\u00f6glich zu gestalten, verwenden wir Cookies f\u00fcr die Pr\u00e4sentation unseres Angebots. Es handelt sich um eine Textinformation, die lokal in den tempor\u00e4ren Speicher Ihres Browsers und damit von Ihrem Computer aufgenommen wird, und zwar f\u00fcr Zeitr\u00e4ume, die je nach Zweck zwischen wenigen Stunden und einigen Jahren variieren. Eine Ausnahme bilden Data-Profiling-Cookies die maximal 365 Tage gespeichert werden k\u00f6nnen.<br \/>\nMit Hilfe von Cookies k\u00f6nnen Informationen zu Ihren Pr\u00e4ferenzen und technische Daten vor\u00fcbergehend gespeichert werden, was die Navigation ebenso erleichtert, wie die Handhabung und Effizienz der Website selbst. Dank der Cookies kann beispielsweise festgestellt werden, ob unsere Website \u00fcber Ihren Computer bereits besucht worden ist, sodass die Neuheiten seit dem letzten Besuch hervorgehoben und Login-Daten angezeigt werden k\u00f6nnen. Zu Ihrer Sicherheit wird ausschlie\u00dflich das auf Ihrem Computer gespeicherte Cookie identifiziert.<br \/>\nDie vorliegende Site verwendet keinerlei Data-Profiling-Cookies. Das hei\u00dft, dass keine Daten zu Ihrem Geschmack, Ihren Pr\u00e4ferenzen, Hobbys und Leidenschaften oder andere Informationen zu Vertriebszwecken gespeichert oder analysiert werden.<\/p>\n<p>&nbsp;<\/p>\n<p><strong>Typen implementierter Cookies\u00a0<\/strong><br \/>\nDiese Website verwendet zwei unterschiedliche Typen von Cookies:<\/p>\n<p>A) Technisch notwendige Cookies:<br \/>\nDiese Cookies sind notwendig, damit die Site problemlos funktionieren kann. Sie erm\u00f6glichen die Navigation auf den Seiten, das Einsehen der Inhalte sowie die Speicherung Ihrer Zugangsdaten, um einen schnelleren Zugriff auf die Website zu erm\u00f6glichen sowie Ihre Pr\u00e4ferenzen und Zugangsdaten auch w\u00e4hrend der Navigation aktiv zu halten. Ohne diese Cookies k\u00f6nnten wir die Dienstleistungen nicht anbieten, f\u00fcr die die Nutzer unsere Site besuchen.<\/p>\n<p>B) Statistische Cookie und solche zur Seitenanalyse:<br \/>\nDiese Cookies erm\u00f6glichen uns zu erheben, wie die Besucher unsere Website nutzen. Daraus ziehen wir Informationen, mit denen wir das Funktionieren der Seiten verbessern und Inhalte vorlegen k\u00f6nnen, die den W\u00fcnschen unserer Nutzer bestm\u00f6glich entgegen kommen. So kann man mit Hilfe der genannten Cookies analysieren, welche Seiten st\u00e4rker und welche schw\u00e4cher genutzt werden, indem etwa Zugriffe, Verweildauer und die Herkunftsseiten der Nutzer erhoben werden. Dies gibt uns wiederum die M\u00f6glichkeit zu eruieren, was bereits gut funktioniert und was verbessert werden muss, und zu \u00fcberpr\u00fcfen, ob die Seiten schnell aufgebaut und korrekt angezeigt werden. All die von den genannten Cookies erhobenen Informationen und Daten sind anonym, k\u00f6nnen also nicht mit den pers\u00f6nlichen Daten der Nutzer in Verbindung gebracht werden. Zudem werden sie von der Website ausschlie\u00dflich in aggregierter Form verarbeitet. Um dies zu garantieren, greifen wir auf Dienstleistungen Dritter zur\u00fcck, \u00fcber die die Daten anonymisiert und von den einzelnen Nutzern entkoppelt werden (\u201csingle-in\u201d). Wann immer Dienste nicht vollst\u00e4ndig anonymisiert sind, werden diese unter Cookies Dritter aufgelistet. Ihre Verwendung kann zum Schutz der eigenen Privatsph\u00e4re abgelehnt werden.<br \/>\nZur Analyse der Seiten-Leistungen verwendet die vorliegende Website Google Analytics, ein webgest\u00fctztes Tool von Google Inc. (\u201cGoogle\u201d). Google Analytics verwendet Cookies, um Daten zur Nutzung einer Website erheben zu k\u00f6nnen. Die vom Cookie erfassten allgemeinen Informationen zu Ihrer Nutzung der Website (einschlie\u00dflich Ihrer IP-Adresse) werden an die Server von Google in den Vereinigten Staaten von Amerika \u00fcbermittelt und dort gespeichert. Google verwendet diese Daten, um Ihre Nutzung der Website zu verfolgen und zu untersuchen, Berichte \u00fcber die Nutzung der Website f\u00fcr den Webseiten-Betreiber zu erstellen und andere Dienstleistungen rund um die Nutzung der Website und des Internets im Allgemeinen anzubieten. Google kann diese Informationen auch an Dritte weitergeben, und zwar in jenen F\u00e4llen, in denen dies durch die geltenden Bestimmungen erlaubt ist oder die Daten im Auftrag von Google von Dritten verarbeitet werden. Google verkn\u00fcpft Ihre IP-Adresse mit keinerlei anderen Google vorliegenden Daten.<\/p>\n<p>Die von den Cookies auf dieser Website \u00fcbernommenen Funktionen sind folgende:<\/p>\n<p>&nbsp;<\/p>\n<p><strong>Einstellungen<\/strong><br \/>\nWenn die Informationen eines Einstellungs-Cookies verloren gehen, kann die Verwendung der Website sich m\u00f6glicherweise umst\u00e4ndlicher gestalten, f\u00fchrt aber in der Regel nicht zu einen Ausfall.<br \/>\nDie Browser der meisten Google-Nutzer verwenden ein Einstellungs-Cookie namens &#8222;PREF&#8220;. Dieses Cookie mit Anfragen an Google-Websites wird vom Browser versendet. Das PREF-Cookie speichert m\u00f6glicherweise Ihre Einstellungen und andere Informationen, insbesondere Ihre bevorzugte Sprache (z.B. Deutsch), wie viele Suchergebnisse pro Seite angezeigt werden sollen (z.B. 10 oder 20) und den Aktivierungsstatus des Google SafeSearch-Filters.<\/p>\n<p>&nbsp;<\/p>\n<p><strong>Sicherheit<\/strong><br \/>\nSicherheits-Cookies werden verwendet, um Nutzer zu authentifizieren, betr\u00fcgerische Verwendung von Anmeldeinformationen zu verhindern und Nutzerdaten vor dem Zugriff durch Unbefugte zu sch\u00fctzen.<br \/>\nBeispielsweise werden sogenannte SID- und HSID-Cookies, welche die Google-Konto-ID und den letzten Anmeldezeitpunkt eines Nutzers in digital signierter und verschl\u00fcsselter Form festhalten, verwendet. Viele Angriffsarten k\u00f6nnen dank der Kombination dieser beiden Cookies geblockt werden. So stoppen wir Aktionen, welche darauf zielen, Informationen aus Formularen zu stehlen, welche Sie auf Internetseiten ausgef\u00fcllt haben.<\/p>\n<p>&nbsp;<\/p>\n<p><strong>Prozesse<\/strong><br \/>\nProzess-Cookies sorgen daf\u00fcr, dass eine Internetseite richtig reagiert und die erwarteten Dienste bietet. Die Navigation auf Internetseiten sowie der Zugriff auf gesch\u00fctzte Website-Bereiche werden dadurch beeinflusst. Ohne diese Cookies funktioniert eine Internetseite nicht richtig.<br \/>\nSo kommt u.a. ein Cookie namens &#8222;LBCS&#8220; zum Einsatz, welches erlaubt, dass in Google Docs mehrere Dokumente in einem Browser ge\u00f6ffnet werden k\u00f6nnen. Sollte dieses Cookie blockiert werden, so kann Google Docs nicht korrekt ausgef\u00fchrt werden.<\/p>\n<p>&nbsp;<\/p>\n<p><strong>Analytics<\/strong><br \/>\nGoogle Analytics ist das Analyse-Tool von Google. Dank Google Analytics erhalten Internetseiten- und App-Inhaber wichtige Informationen dar\u00fcber, wie ihre Nutzer mit den angebotenen Ressourcen interagieren. Google Analytics verwendet m\u00f6glicherweise bestimmte Cookies, um Daten zu erheben und eine Website-Nutzungsstatistik weiterzugeben, ohne dabei Informationen zu erlangen, die einzelne Nutzer f\u00fcr Google pers\u00f6nlich identifizierbar machen.<br \/>\nDas Google Analytics-Pixel-Tag kann, neben der Weitergabe von Nutzungsstatistiken, zusammen mit einigen Werbe-Cookies auch dazu beitragen, dass in Google-Produkten wie beispielsweise der Google-Suche sowie im gesamten Internet relevantere Anzeigen geschaltet werden.<br \/>\n<a href=\"http:\/\/developers.google.com\/analytics\/resources\/concepts\/gaConceptsCookiesX\" target=\"_blank\" rel=\"noopener\"><strong>Weitere Informationen zu Analytics-Cookies und zum Datenschutz erhalten Sie hier.<\/strong><\/a><\/p>\n<p>&nbsp;<\/p>\n<p><strong>Kontrolle \u00fcber Cookies und Einstellungen<\/strong><\/p>\n<p>Sollten Sie Zweifel oder Sorgen in Bezug auf die Verwendung von Cookies haben, ist es m\u00f6glich, deren Verwendung zu verhindern oder gezielt zu steuern, und zwar \u00fcber die Privacy-Einstellungen Ihres Browsers, \u00fcber die etwa bestimmte Cookie-Typen blockiert werden k\u00f6nnen.<br \/>\nWeil Browsertypen und -versionen sich in der Handhabung der Privacy-Einstellungen merklich unterscheiden, k\u00f6nnen Sie detaillierte Informationen zur Ver\u00e4nderung dieser Einstellungen am besten im Benutzerhandbuch Ihres Browsers finden. Einen \u00dcberblick \u00fcber die Vorgehensweisen in den g\u00e4ngigsten Browsern gibt\u2019s zudem unter <a href=\"http:\/\/www.cookiepedia.co.uk\" target=\"_blank\" rel=\"noopener\">www.cookiepedia.co.uk<\/a>.<br \/>\nDie Mehrzahl der Browser erm\u00f6glicht es, die eigenen Pr\u00e4ferenzen in Bezug auf Cookies gezielt zu steuern. So k\u00f6nnen Cookies grunds\u00e4tzlich abgelehnt werden oder auch nur bestimmte Typen. \u00c4hnliches wie f\u00fcr Cookies gilt auch f\u00fcr andere vergleichbare Technologien.<br \/>\nDie folgenden Links zeigen, wie die Pr\u00e4ferenzen bei den g\u00e4ngigsten Browsertypen eingestellt werden k\u00f6nnen:<\/p>\n<p><a href=\"http:\/\/windows.microsoft.com\/en-US\/windows-vista\/Block-or-allow-cookies\" target=\"_blank\" rel=\"noopener\">Internet Explorer\u00a0<\/a><\/p>\n<p><a href=\"https:\/\/support.mozilla.org\/it\/kb\/Bloccare20i20cookie\" target=\"_blank\" rel=\"noopener\">Firefox\u00a0<\/a><\/p>\n<p><a href=\"http:\/\/support.apple.com\/kb\/index?page=search&amp;fac=all&amp;q=cookies20safari\" target=\"_blank\" rel=\"noopener\">Safari\u00a0<\/a><\/p>\n<p><a href=\"https:\/\/support.google.com\/chrome\/answer\/95647?hl=it\" target=\"_blank\" rel=\"noopener\">Chrome<\/a><\/p>\n<p>&nbsp;<\/p>\n<p>Weitere Informationen auch \u00fcber die M\u00f6glichkeiten der Ablehnung gibt\u2019s auf der Seite <a href=\"http:\/\/www.youronlinechoices.eu\" target=\"_blank\" rel=\"noopener\">www.youronlinechoices.eu<\/a>.<br \/>\nUnternehmen, die im Internet werben, erlauben zudem, auf den Erhalt gezielter Anzeigen zu verzichten. In diesem Fall werden zwar Cookies gespeichert, es wird aber die Weitergabe bestimmter Daten an die Unternehmen unterbunden.<br \/>\nSie k\u00f6nnen die Verwendung von Cookies auch g\u00e4nzlich ablehnen, indem Sie die entsprechenden Einstellungen auf Ihrem Browser vornehmen. Allerdings verhindert dies, alle Funktionen dieser Website vollst\u00e4ndig zu nutzen. Nutzen Sie diese Website, stimmen Sie der Verarbeitung Ihrer Daten durch Google zu, und zwar innerhalb der oben beschriebenen Grenzen.<br \/>\nDie Verwendung von Cookies kann \u00fcber den Browser demnach unterbunden werden, allerdings muss man sich vor Augen halten, dass dann auch einige Funktionen dieser Website nicht mehr in vollem Umfang genutzt werden k\u00f6nnen. Man kann die Speicherung und Verarbeitung von Informationen, die \u00fcber Cookies gesammelt werden (einschlie\u00dflich der IP-Adresse), durch Google blockieren.<\/p>\n<p>Zustimmung oder Ablehnung zur Verwendung von Cookies: Navigieren Sie auf dieser Website, indem Sie etwa das Informations-Banner schlie\u00dfen, auf die Seite klicken oder durch die Seite scrollen, um weitere Inhalte anzuzeigen, stimmen Sie der Cookie-Policy www.trattereng.com von Tratter Engineering Srl zu und Cookies werden verwendet. Zu jeder Zeit k\u00f6nnen diese Cookies nat\u00fcrlich auch wieder entfernt werden, und zwar \u00fcber die oben beschriebenen Vorgangsweisen.<\/p>\n<p>&nbsp;<\/p>\n<p><strong>RECHTE DES BETROFFENEN<\/strong><br \/>\nDas Datenschutzgesetz verleiht den Betroffenen die M\u00f6glichkeit zur Aus\u00fcbung bestimmter Rechte gem\u00e4\u00df Art. 7. Im Einzelnen hat er demnach das Recht zu wissen, welche pers\u00f6nlichen Daten der Inhaber \u00fcber ihn besitzt, und dar\u00fcber Auskunft zu erhalten, ob Daten \u00fcber ihn vorhanden sind, auch wenn sie noch nicht gespeichert sind und in verst\u00e4ndlicher Form n\u00e4here Angaben \u00fcber diese Daten, Herkunft und den Grund und Zweck ihrer Verarbeitung zu erfahren, sowie Angaben \u00fcber Inhaber und Verantwortlichen der Verarbeitung und Personen und Kategorien von Personen denen diese Daten m\u00f6glicherweise \u00fcbermittelt werden. Der Betroffene hat das Recht seine Daten zu best\u00e4tigen und zu kontrollieren, zu berichtigen und zu erg\u00e4nzen, zu beantragen, dass die Daten gel\u00f6scht, gesperrt und in anonyme Daten umgewandelt werden, falls die Verarbeitung gegen die gesetzlichen Bestimmungen verst\u00f6\u00dft. Er hat das Recht, sich aus gerechtfertigtem Grund g\u00e4nzlich oder zum Teil der Verarbeitung seiner Daten zu widersetzen, sowie ihre L\u00f6schung, Sperrung, Umwandlung in anonyme Daten zu verlangen und ohne gerechtfertigten Grund, wenn Daten zum Zwecke der Handelsinformation, des Versands von Werbematerial, des Direktverkaufs, zu Markt- und Meinungsforschung verwendet werden.<\/p>\n<p>Die gegenst\u00e4ndlichen Rechte k\u00f6nnen seitens des Betroffenen oder einer von ihm beauftragten Person mittels Anfrage an den Verantwortlichen , Tratter Engineering Srl, Waltraud-Gebert-Deeg Stra\u00dfe 10 , 39100 Bozen, mit Einschreiben oder E-Mail an info@trattereng.com geltend gemacht werden.<\/p>\n<\/div>\n[\/vc_column_text][\/vc_column][\/vc_row]\n","protected":false},"excerpt":{"rendered":"<p>[vc_row type=&#8220;in_container&#8220; full_screen_row_position=&#8220;middle&#8220; scene_position=&#8220;center&#8220; text_color=&#8220;dark&#8220; text_align=&#8220;left&#8220; overlay_strength=&#8220;0.3&#8243; shape_divider_position=&#8220;bottom&#8220;][vc_column column_padding=&#8220;no-extra-padding&#8220; column_padding_position=&#8220;all&#8220; background_color_opacity=&#8220;1&#8243; background_hover_color_opacity=&#8220;1&#8243; column_link_target=&#8220;_self&#8220; column_shadow=&#8220;none&#8220; column_border_radius=&#8220;none&#8220; width=&#8220;1\/1&#8243; tablet_width_inherit=&#8220;default&#8220; tablet_text_alignment=&#8220;default&#8220; phone_text_alignment=&#8220;default&#8220; column_border_width=&#8220;none&#8220; column_border_style=&#8220;solid&#8220;][divider line_type=&#8220;No Line&#8220; custom_height=&#8220;80&#8243;][vc_column_text] Aufkl\u00e4rungsschreiben im Sinne des Art. 13 der DSGVO 2016\/679 \u201eDATENSCHUTZKODEX\u201c Im Sinne des Art. 13 der&#8230;<\/p>\n","protected":false},"author":7,"featured_media":0,"parent":0,"menu_order":0,"comment_status":"closed","ping_status":"closed","template":"","meta":{"footnotes":""},"class_list":["post-690","page","type-page","status-publish"],"_links":{"self":[{"href":"https:\/\/trattereng.com\/de\/wp-json\/wp\/v2\/pages\/690","targetHints":{"allow":["GET"]}}],"collection":[{"href":"https:\/\/trattereng.com\/de\/wp-json\/wp\/v2\/pages"}],"about":[{"href":"https:\/\/trattereng.com\/de\/wp-json\/wp\/v2\/types\/page"}],"author":[{"embeddable":true,"href":"https:\/\/trattereng.com\/de\/wp-json\/wp\/v2\/users\/7"}],"replies":[{"embeddable":true,"href":"https:\/\/trattereng.com\/de\/wp-json\/wp\/v2\/comments?post=690"}],"version-history":[{"count":3,"href":"https:\/\/trattereng.com\/de\/wp-json\/wp\/v2\/pages\/690\/revisions"}],"predecessor-version":[{"id":925,"href":"https:\/\/trattereng.com\/de\/wp-json\/wp\/v2\/pages\/690\/revisions\/925"}],"wp:attachment":[{"href":"https:\/\/trattereng.com\/de\/wp-json\/wp\/v2\/media?parent=690"}],"curies":[{"name":"wp","href":"https:\/\/api.w.org\/{rel}","templated":true}]}}