{"id":8184,"date":"2023-11-03T16:01:44","date_gmt":"2023-11-03T15:01:44","guid":{"rendered":"https:\/\/trattereng.com\/?page_id=8184"},"modified":"2024-01-19T09:58:24","modified_gmt":"2024-01-19T08:58:24","slug":"besucher","status":"publish","type":"page","link":"https:\/\/trattereng.com\/de\/besucher\/","title":{"rendered":"Besucher"},"content":{"rendered":"[vc_row type=&#8220;in_container&#8220; full_screen_row_position=&#8220;middle&#8220; column_margin=&#8220;default&#8220; column_direction=&#8220;default&#8220; column_direction_tablet=&#8220;default&#8220; column_direction_phone=&#8220;default&#8220; scene_position=&#8220;center&#8220; top_margin=&#8220;2%&#8220; top_margin_phone=&#8220;5%&#8220; text_color=&#8220;dark&#8220; text_align=&#8220;left&#8220; row_border_radius=&#8220;none&#8220; row_border_radius_applies=&#8220;bg&#8220; overflow=&#8220;visible&#8220; advanced_gradient_angle=&#8220;0&#8243; overlay_strength=&#8220;0.3&#8243; gradient_direction=&#8220;left_to_right&#8220; shape_divider_position=&#8220;bottom&#8220; bg_image_animation=&#8220;none&#8220; gradient_type=&#8220;default&#8220; shape_type=&#8220;&#8220;][vc_column column_padding=&#8220;no-extra-padding&#8220; column_padding_tablet=&#8220;inherit&#8220; column_padding_phone=&#8220;inherit&#8220; column_padding_position=&#8220;all&#8220; column_element_spacing=&#8220;default&#8220; background_color_opacity=&#8220;1&#8243; background_hover_color_opacity=&#8220;1&#8243; column_shadow=&#8220;none&#8220; column_border_radius=&#8220;none&#8220; column_link_target=&#8220;_self&#8220; column_position=&#8220;default&#8220; advanced_gradient_angle=&#8220;0&#8243; gradient_direction=&#8220;left_to_right&#8220; overlay_strength=&#8220;0.3&#8243; width=&#8220;2\/4&#8243; tablet_width_inherit=&#8220;default&#8220; tablet_text_alignment=&#8220;default&#8220; phone_text_alignment=&#8220;default&#8220; animation_type=&#8220;default&#8220; bg_image_animation=&#8220;none&#8220; border_type=&#8220;simple&#8220; column_border_width=&#8220;none&#8220; column_border_style=&#8220;solid&#8220; gradient_type=&#8220;default&#8220;][nectar_highlighted_text color_type=&#8220;regular&#8220; highlight_color=&#8220;#2f5970&#8243; style=&#8220;full_text&#8220; highlight_expansion=&#8220;default&#8220;]\n<h2><span style=\"color: #2f5970;\">Besucher &#8211; Formular<\/span><\/h2>\n[\/nectar_highlighted_text][\/vc_column][vc_column column_padding=&#8220;no-extra-padding&#8220; column_padding_tablet=&#8220;inherit&#8220; column_padding_phone=&#8220;inherit&#8220; column_padding_position=&#8220;all&#8220; column_element_spacing=&#8220;default&#8220; background_color_opacity=&#8220;1&#8243; background_hover_color_opacity=&#8220;1&#8243; column_shadow=&#8220;none&#8220; column_border_radius=&#8220;none&#8220; column_link_target=&#8220;_self&#8220; column_position=&#8220;default&#8220; gradient_direction=&#8220;left_to_right&#8220; overlay_strength=&#8220;0.3&#8243; width=&#8220;1\/4&#8243; tablet_width_inherit=&#8220;default&#8220; tablet_text_alignment=&#8220;default&#8220; phone_text_alignment=&#8220;default&#8220; animation_type=&#8220;default&#8220; bg_image_animation=&#8220;none&#8220; border_type=&#8220;simple&#8220; column_border_width=&#8220;none&#8220; column_border_style=&#8220;solid&#8220;][nectar_cta btn_style=&#8220;see-through&#8220; heading_tag=&#8220;h6&#8243; text_color=&#8220;#2f5970&#8243; button_color=&#8220;default&#8220; button_border_thickness=&#8220;0px&#8220; link_type=&#8220;regular&#8220; alignment=&#8220;right&#8220; alignment_tablet=&#8220;default&#8220; alignment_phone=&#8220;default&#8220; display=&#8220;block&#8220; display_tablet=&#8220;inherit&#8220; display_phone=&#8220;inherit&#8220; text=&#8220;Italienisch&#8220; url=&#8220;https:\/\/trattereng.com\/modulo-visitatori\/&#8220;][\/vc_column][vc_column column_padding=&#8220;no-extra-padding&#8220; column_padding_tablet=&#8220;inherit&#8220; column_padding_phone=&#8220;inherit&#8220; column_padding_position=&#8220;all&#8220; column_element_spacing=&#8220;default&#8220; background_color_opacity=&#8220;1&#8243; background_hover_color_opacity=&#8220;1&#8243; column_shadow=&#8220;none&#8220; column_border_radius=&#8220;none&#8220; column_link_target=&#8220;_self&#8220; column_position=&#8220;default&#8220; gradient_direction=&#8220;left_to_right&#8220; overlay_strength=&#8220;0.3&#8243; width=&#8220;1\/4&#8243; tablet_width_inherit=&#8220;default&#8220; tablet_text_alignment=&#8220;default&#8220; phone_text_alignment=&#8220;default&#8220; animation_type=&#8220;default&#8220; bg_image_animation=&#8220;none&#8220; border_type=&#8220;simple&#8220; column_border_width=&#8220;none&#8220; column_border_style=&#8220;solid&#8220;][nectar_cta btn_style=&#8220;see-through&#8220; heading_tag=&#8220;h6&#8243; text_color=&#8220;#2f5970&#8243; button_color=&#8220;default&#8220; button_border_thickness=&#8220;0px&#8220; link_type=&#8220;regular&#8220; alignment=&#8220;right&#8220; alignment_tablet=&#8220;default&#8220; alignment_phone=&#8220;default&#8220; display=&#8220;block&#8220; display_tablet=&#8220;inherit&#8220; display_phone=&#8220;inherit&#8220; text=&#8220;Englisch&#8220; url=&#8220;https:\/\/trattereng.com\/en\/visitor-form\/&#8220;][\/vc_column][\/vc_row][vc_row type=&#8220;in_container&#8220; full_screen_row_position=&#8220;middle&#8220; column_margin=&#8220;default&#8220; column_direction=&#8220;default&#8220; column_direction_tablet=&#8220;default&#8220; column_direction_phone=&#8220;default&#8220; scene_position=&#8220;center&#8220; bottom_margin=&#8220;20%&#8220; text_color=&#8220;dark&#8220; text_align=&#8220;left&#8220; row_border_radius=&#8220;none&#8220; row_border_radius_applies=&#8220;bg&#8220; overflow=&#8220;visible&#8220; advanced_gradient_angle=&#8220;0&#8243; overlay_strength=&#8220;0.3&#8243; gradient_direction=&#8220;left_to_right&#8220; shape_divider_position=&#8220;bottom&#8220; bg_image_animation=&#8220;none&#8220; gradient_type=&#8220;default&#8220; shape_type=&#8220;&#8220;][vc_column column_padding=&#8220;no-extra-padding&#8220; column_padding_tablet=&#8220;inherit&#8220; column_padding_phone=&#8220;inherit&#8220; column_padding_position=&#8220;all&#8220; column_element_spacing=&#8220;default&#8220; background_color_opacity=&#8220;1&#8243; background_hover_color_opacity=&#8220;1&#8243; column_shadow=&#8220;none&#8220; column_border_radius=&#8220;none&#8220; column_link_target=&#8220;_self&#8220; column_position=&#8220;default&#8220; gradient_direction=&#8220;left_to_right&#8220; overlay_strength=&#8220;0.3&#8243; width=&#8220;1\/1&#8243; tablet_width_inherit=&#8220;default&#8220; tablet_text_alignment=&#8220;default&#8220; phone_text_alignment=&#8220;default&#8220; animation_type=&#8220;default&#8220; bg_image_animation=&#8220;none&#8220; border_type=&#8220;simple&#8220; column_border_width=&#8220;none&#8220; column_border_style=&#8220;solid&#8220;][tabbed_section style=&#8220;minimal&#8220; alignment=&#8220;left&#8220; spacing=&#8220;default&#8220; tab_color=&#8220;Accent-Color&#8220; vs_content_animation=&#8220;fade&#8220; vs_link_animation=&#8220;opacity&#8220; vs_navigation_alignment=&#8220;left&#8220; vs_navigation_width_2=&#8220;25%&#8220; vs_navigation_func=&#8220;default&#8220; vs_navigation_width=&#8220;regular&#8220; vs_navigation_spacing=&#8220;15px&#8220; vs_navigation_mobile_display=&#8220;visible&#8220; vs_tab_spacing=&#8220;5%&#8220; cta_button_style=&#8220;accent-color&#8220; icon_size=&#8220;24&#8243;][tab icon_family=&#8220;none&#8220; title=&#8220;Anmeldung&#8220; id=&#8220;1705649150466-6&#8243; tab_id=&#8220;1705649150467-9&#8243;]\n<div class=\"wpcf7 no-js\" id=\"wpcf7-f8176-o1\" lang=\"de-DE\" dir=\"ltr\" data-wpcf7-id=\"8176\">\n<div class=\"screen-reader-response\"><p role=\"status\" aria-live=\"polite\" aria-atomic=\"true\"><\/p> <ul><\/ul><\/div>\n<form action=\"\/de\/wp-json\/wp\/v2\/pages\/8184#wpcf7-f8176-o1\" method=\"post\" class=\"wpcf7-form init\" aria-label=\"Kontaktformular\" novalidate=\"novalidate\" data-status=\"init\">\n<fieldset class=\"hidden-fields-container\"><input type=\"hidden\" name=\"_wpcf7\" value=\"8176\" \/><input type=\"hidden\" name=\"_wpcf7_version\" value=\"6.1.5\" \/><input type=\"hidden\" name=\"_wpcf7_locale\" value=\"de_DE\" \/><input type=\"hidden\" name=\"_wpcf7_unit_tag\" value=\"wpcf7-f8176-o1\" \/><input type=\"hidden\" name=\"_wpcf7_container_post\" value=\"0\" \/><input type=\"hidden\" name=\"_wpcf7_posted_data_hash\" value=\"\" \/><input type=\"hidden\" name=\"_wpcf7_recaptcha_response\" value=\"\" \/>\n<\/fieldset>\n<p><label> Vor- und Nachname<br \/>\n<span class=\"wpcf7-form-control-wrap\" data-name=\"vor-nachname\"><input size=\"40\" maxlength=\"400\" class=\"wpcf7-form-control wpcf7-text wpcf7-validates-as-required\" aria-required=\"true\" aria-invalid=\"false\" value=\"\" type=\"text\" name=\"vor-nachname\" \/><\/span> <\/label>\n<\/p>\n<p><label> Unternehmen<br \/>\n<span class=\"wpcf7-form-control-wrap\" data-name=\"unternehmen\"><input size=\"40\" maxlength=\"400\" class=\"wpcf7-form-control wpcf7-text wpcf7-validates-as-required\" aria-required=\"true\" aria-invalid=\"false\" value=\"\" type=\"text\" name=\"unternehmen\" \/><\/span> <\/label>\n<\/p>\n<p><label> Ihre E-Mail-Adresse<br \/>\n<span class=\"wpcf7-form-control-wrap\" data-name=\"your-email\"><input size=\"40\" maxlength=\"400\" class=\"wpcf7-form-control wpcf7-email wpcf7-validates-as-required wpcf7-text wpcf7-validates-as-email\" aria-required=\"true\" aria-invalid=\"false\" value=\"\" type=\"email\" name=\"your-email\" \/><\/span> <\/label>\n<\/p>\n<p><span class=\"wpcf7-form-control-wrap\" data-name=\"acceptance-994\"><span class=\"wpcf7-form-control wpcf7-acceptance\"><span class=\"wpcf7-list-item\"><label><input type=\"checkbox\" name=\"acceptance-994\" value=\"1\" class=\"flag\" aria-invalid=\"false\" \/><span class=\"wpcf7-list-item-label\">Datenschutzbestimmungen laut Gesetz Art. 13 der DSGVO 2016\/679 gelesen und akzeptiert.<\/span><\/label><\/span><\/span><\/span>\n<\/p>\n<p><label> Unterschrift<\/label><br \/>\n<span class=\"wpcf7-form-control-wrap wpcf7-sign-wrap sign-463\"><input class=\"wpcf7-form-control wpcf7-sign wpcf7-validates-as-required\" aria-required=\"true\" aria-invalid=\"false\" name=\"sign-463\" type=\"hidden\" \/>\n            <canvas style=\"display:block\" data-hidden=\"sign-463\" class=\"signature-pad\" width=400 height=200><\/canvas>\n            <button class=\"btn btn-primary cf7sg-sign\">Clear<\/button>\n        <\/span>\n<\/p>\n<p><span class=\"wpcf7-form-control-wrap\" data-name=\"acceptance-995\"><span class=\"wpcf7-form-control wpcf7-acceptance\"><span class=\"wpcf7-list-item\"><label><input type=\"checkbox\" name=\"acceptance-995\" value=\"1\" class=\"flag\" aria-invalid=\"false\" \/><span class=\"wpcf7-list-item-label\">Arbeitssicherheitsanweisungen gelesen und akzeptiert.<\/span><\/label><\/span><\/span><\/span>\n<\/p>\n<p><input class=\"wpcf7-form-control wpcf7-submit has-spinner\" type=\"submit\" value=\"Senden\" \/>\n<\/p><p style=\"display: none !important;\" class=\"akismet-fields-container\" data-prefix=\"_wpcf7_ak_\"><label>&#916;<textarea name=\"_wpcf7_ak_hp_textarea\" cols=\"45\" rows=\"8\" maxlength=\"100\"><\/textarea><\/label><input type=\"hidden\" id=\"ak_js_1\" name=\"_wpcf7_ak_js\" value=\"162\"\/><script>document.getElementById( \"ak_js_1\" ).setAttribute( \"value\", ( new Date() ).getTime() );<\/script><\/p><div class=\"wpcf7-response-output\" aria-hidden=\"true\"><\/div>\n<\/form>\n<\/div>\n[\/tab][tab icon_family=&#8220;none&#8220; title=&#8220;Sicherheitshinweise&#8220; id=&#8220;1705649150535-0&#8243; tab_id=&#8220;1705649150535-3&#8243;][vc_row_inner column_margin=&#8220;default&#8220; column_direction=&#8220;default&#8220; column_direction_tablet=&#8220;default&#8220; column_direction_phone=&#8220;default&#8220; text_align=&#8220;left&#8220; row_position=&#8220;default&#8220; row_position_tablet=&#8220;inherit&#8220; row_position_phone=&#8220;inherit&#8220; overflow=&#8220;visible&#8220; pointer_events=&#8220;all&#8220;][vc_column_inner column_padding=&#8220;no-extra-padding&#8220; column_padding_tablet=&#8220;inherit&#8220; column_padding_phone=&#8220;inherit&#8220; column_padding_position=&#8220;all&#8220; column_element_spacing=&#8220;default&#8220; background_color_opacity=&#8220;1&#8243; background_hover_color_opacity=&#8220;1&#8243; column_shadow=&#8220;none&#8220; column_border_radius=&#8220;none&#8220; column_link_target=&#8220;_self&#8220; gradient_direction=&#8220;left_to_right&#8220; overlay_strength=&#8220;0.3&#8243; width=&#8220;1\/1&#8243; tablet_width_inherit=&#8220;default&#8220; animation_type=&#8220;default&#8220; bg_image_animation=&#8220;none&#8220; border_type=&#8220;simple&#8220; column_border_width=&#8220;none&#8220; column_border_style=&#8220;solid&#8220;][vc_column_text]<strong>Sehr geehrte Besucher*innen, Wilkommen bei Tratter Engineering.<\/strong><\/p>\n<p>Es ist uns ein Anliegen, dass Ihr Besuch in unserem Betrieb sicher verl\u00e4uft. Deshalb bitten wir Sie, die organisatorischen Ma\u00dfnahmen zu befolgen und diese Brosch\u00fcre sorgsam durchzulesen.<\/p>\n<p>Bei Fragen wenden Sie sich bitte an Ihre Kontaktperson.<\/p>\n<p>Wir w\u00fcnschen Ihnen einen sch\u00f6nen, erfolgreichen und vor allem einen sicheren Aufenthalt.[\/vc_column_text][\/vc_column_inner][\/vc_row_inner][vc_row_inner column_margin=&#8220;default&#8220; column_direction=&#8220;default&#8220; column_direction_tablet=&#8220;default&#8220; column_direction_phone=&#8220;default&#8220; top_padding=&#8220;5%&#8220; text_align=&#8220;left&#8220; row_position=&#8220;default&#8220; row_position_tablet=&#8220;inherit&#8220; row_position_phone=&#8220;inherit&#8220; overflow=&#8220;visible&#8220; pointer_events=&#8220;all&#8220;][vc_column_inner column_padding=&#8220;no-extra-padding&#8220; column_padding_tablet=&#8220;inherit&#8220; column_padding_phone=&#8220;inherit&#8220; column_padding_position=&#8220;all&#8220; column_element_spacing=&#8220;default&#8220; background_color_opacity=&#8220;1&#8243; background_hover_color_opacity=&#8220;1&#8243; column_shadow=&#8220;none&#8220; column_border_radius=&#8220;none&#8220; column_link_target=&#8220;_self&#8220; gradient_direction=&#8220;left_to_right&#8220; overlay_strength=&#8220;0.3&#8243; width=&#8220;1\/1&#8243; tablet_width_inherit=&#8220;default&#8220; animation_type=&#8220;default&#8220; bg_image_animation=&#8220;none&#8220; border_type=&#8220;simple&#8220; column_border_width=&#8220;none&#8220; column_border_style=&#8220;solid&#8220;][nectar_highlighted_text color_type=&#8220;regular&#8220; highlight_color=&#8220;#2f5970&#8243; style=&#8220;full_text&#8220; highlight_expansion=&#8220;default&#8220;]\n<h3>Sicherheits- und Verhaltensregeln<\/h3>\n[\/nectar_highlighted_text]<div class=\"iwithtext\"><div class=\"iwt-icon\"> <img decoding=\"async\" src=\"https:\/\/trattereng.com\/wp-content\/uploads\/2024\/01\/P002_Rauchen-verboten-1.png\" alt=\"\" title=\"\"> <\/div><div class=\"iwt-text\"> Rauchen ist in s\u00e4mtlichen R\u00e4umlichkeiten verboten. <\/div><div class=\"clear\"><\/div><\/div><div class=\"iwithtext\"><div class=\"iwt-icon\"> <img decoding=\"async\" src=\"https:\/\/trattereng.com\/wp-content\/uploads\/2024\/01\/D-P006-Zutritt-fuer-Unbefugte-verboten-300x300.jpg\" alt=\"\" title=\"\"> <\/div><div class=\"iwt-text\"> Das betreten der Werkhalle und das ber\u00fchren von Maschinen und Anlagen ist grunds\u00e4tzlich verboten, und nur nach ausdr\u00fccklicher Genehmigung Ihres Ansprechpartners m\u00f6glich! Befolgen Sie die Anweisungen Ihrer Begleitperson. <\/div><div class=\"clear\"><\/div><\/div><div class=\"iwithtext\"><div class=\"iwt-icon\"> <img decoding=\"async\" src=\"https:\/\/trattereng.com\/wp-content\/uploads\/2024\/01\/P007_kein-Zutritt-Defibrilatoren.png\" alt=\"\" title=\"\"> <\/div><div class=\"iwt-text\"> In mit diesem Symbol gekennzeichneten Bereichen besteht Gefahr und Zutrittsverbot f\u00fcr Personen mit Herzschrittmacher: Informieren Sie Ihre Kontaktperson, wenn Sie einen Herzschrittmacher tragen. <\/div><div class=\"clear\"><\/div><\/div><div class=\"iwithtext\"><div class=\"iwt-icon\"> <img decoding=\"async\" src=\"https:\/\/trattereng.com\/wp-content\/uploads\/2024\/01\/P029_Fotografieren-verboten.png\" alt=\"\" title=\"\"> <\/div><div class=\"iwt-text\"> Das Filmen und Fotografieren von Maschinen oder Betriebseinrichtungen ist nicht gestattet! <\/div><div class=\"clear\"><\/div><\/div><div class=\"iwithtext\"><div class=\"iwt-icon\"> <img decoding=\"async\" src=\"https:\/\/trattereng.com\/wp-content\/uploads\/2024\/01\/10332445-mitarbeiter-fuhrung-linie-icon-illustration-vektor-300x300.jpg\" alt=\"\" title=\"\"> <\/div><div class=\"iwt-text\"> Bei Gruppenf\u00fchrungen entfernen Sie sich niemals von der Gruppe!<br \/>\nBleiben Sie innerhalb der markierten Verkehrswege, wenn diese gekennzeichnet sind. <\/div><div class=\"clear\"><\/div><\/div><div class=\"iwithtext\"><div class=\"iwt-icon\"> <img decoding=\"async\" src=\"https:\/\/trattereng.com\/wp-content\/uploads\/2024\/01\/W014_Flurfoerderfahrzeuge.png\" alt=\"\" title=\"\"> <\/div><div class=\"iwt-text\"> Im Lagerbereich herrscht eine Vorfahrt f\u00fcr Flurf\u00f6rderfahrzeuge.<br \/>\nBitte halten Sie stets einen ausreichenden Sicherheitsabstand ein. <\/div><div class=\"clear\"><\/div><\/div><div class=\"iwithtext\"><div class=\"iwt-icon\"> <img decoding=\"async\" src=\"https:\/\/trattereng.com\/wp-content\/uploads\/2024\/01\/W015_schwebende-Last.png\" alt=\"\" title=\"\"> <\/div><div class=\"iwt-text\"> In der Produktion und in der Werkstatt ist ein Hallenkran im Einsatz.<br \/>\nBitte beachten Sie unbedingt, niemals unter schwebenden Lasten sich zu befinden. <\/div><div class=\"clear\"><\/div><\/div><div class=\"iwithtext\"><div class=\"iwt-icon\"> <img decoding=\"async\" src=\"https:\/\/trattereng.com\/wp-content\/uploads\/2024\/01\/W007_Hindernisse-am-Boden.png\" alt=\"\" title=\"\"> <\/div><div class=\"iwt-text\"> Beim Betreten von Anlagenbereichen besteht die Gefahr von Sto\u00dfverletzungen aufgrund reduzierter H\u00f6he. Zudem kann es Gefahren durch Kabel, Produktreste und unordentliche Materiallagerung geben. Bitte seien Sie vorsichtig und aufmerksam. <\/div><div class=\"clear\"><\/div><\/div><div class=\"iwithtext\"><div class=\"iwt-icon\"> <img decoding=\"async\" src=\"https:\/\/trattereng.com\/wp-content\/uploads\/2024\/01\/M008_Fussschutz-benutzen.png\" alt=\"\" title=\"\"> <\/div><div class=\"iwt-text\"> Bez\u00fcglich der Notwendigkeit zum Tragen der pers\u00f6nlichen Schutzausr\u00fcstung befolgen Sie die Hinweise Ihrer Begleitperson. <\/div><div class=\"clear\"><\/div><\/div>[\/vc_column_inner][\/vc_row_inner][vc_row_inner column_margin=&#8220;default&#8220; column_direction=&#8220;default&#8220; column_direction_tablet=&#8220;default&#8220; column_direction_phone=&#8220;default&#8220; top_padding=&#8220;5%&#8220; text_align=&#8220;left&#8220; row_position=&#8220;default&#8220; row_position_tablet=&#8220;inherit&#8220; row_position_phone=&#8220;inherit&#8220; overflow=&#8220;visible&#8220; pointer_events=&#8220;all&#8220;][vc_column_inner column_padding=&#8220;no-extra-padding&#8220; column_padding_tablet=&#8220;inherit&#8220; column_padding_phone=&#8220;inherit&#8220; column_padding_position=&#8220;all&#8220; column_element_spacing=&#8220;default&#8220; background_color_opacity=&#8220;1&#8243; background_hover_color_opacity=&#8220;1&#8243; column_shadow=&#8220;none&#8220; column_border_radius=&#8220;none&#8220; column_link_target=&#8220;_self&#8220; gradient_direction=&#8220;left_to_right&#8220; overlay_strength=&#8220;0.3&#8243; width=&#8220;1\/1&#8243; tablet_width_inherit=&#8220;default&#8220; animation_type=&#8220;default&#8220; bg_image_animation=&#8220;none&#8220; border_type=&#8220;simple&#8220; column_border_width=&#8220;none&#8220; column_border_style=&#8220;solid&#8220;][nectar_highlighted_text color_type=&#8220;regular&#8220; highlight_color=&#8220;#2f5970&#8243; style=&#8220;full_text&#8220; highlight_expansion=&#8220;default&#8220;]\n<h3>Verhalten im Notfall<\/h3>\n[\/nectar_highlighted_text][vc_column_text]Im Haupteingang, sowie in den verschiedenen Stockwerken, als auch in der Produktion sind die Fluchtpl\u00e4ne sowie die Hinweise zum Verhalten im Notfall (Brand und Erste Hilfe) ausgeh\u00e4ngt.<\/p>\n<p><strong>Bitte nehmen Sie sich die Zeit, diese Aush\u00e4nge in Ruhe anzuschauen.<\/strong>[\/vc_column_text]<div class=\"iwithtext\"><div class=\"iwt-icon\"> <img decoding=\"async\" src=\"https:\/\/trattereng.com\/wp-content\/uploads\/2024\/01\/E007_Sammelstelle.png\" alt=\"\" title=\"\"> <\/div><div class=\"iwt-text\"> Bei einer Geb\u00e4uder\u00e4umung im Notfall m\u00fcssen sich alle Personen beim Sammelplatz einfinden und weitere Schritte durch die Hilfskr\u00e4fte abwarten. Bitte folgen Sie im Notfall den Notausgangsschildern. <\/div><div class=\"clear\"><\/div><\/div><div class=\"iwithtext\"><div class=\"iwt-icon\"> <img decoding=\"async\" src=\"https:\/\/trattereng.com\/wp-content\/uploads\/2024\/01\/E003_Erste-Hilfe.png\" alt=\"\" title=\"\"> <\/div><div class=\"iwt-text\"> Auf den gesamten Betreibsgel\u00e4nde wurden Erste-Hilfe-K\u00e4sten eingerichtet.<br \/>\nDie Lage ist auf den Fluchtpl\u00e4nen gekennzeichnet. <\/div><div class=\"clear\"><\/div><\/div><div class=\"iwithtext\"><div class=\"iwt-icon\"> <img decoding=\"async\" src=\"https:\/\/trattereng.com\/wp-content\/uploads\/2024\/01\/E004_Notruftelefon.png\" alt=\"\" title=\"\"> <\/div><div class=\"iwt-text\"> Verst\u00e4ndigen Sie bei einen Notfall die Rettungskr\u00e4fte unter folgender Nummer: <strong>112<\/strong><br \/>\n<strong>Wer<\/strong> meldet, <strong>Was<\/strong> und <strong>Wo<\/strong> ist es passiert, <strong>Wieviele<\/strong> sind verletzt, <strong>Welche<\/strong> Art von Verletzungen <\/div><div class=\"clear\"><\/div><\/div><div class=\"iwithtext\"><div class=\"iwt-icon\"> <img decoding=\"async\" src=\"https:\/\/trattereng.com\/wp-content\/uploads\/2024\/01\/F001_Feuerloescher.png\" alt=\"\" title=\"\"> <\/div><div class=\"iwt-text\"> Auf dem gesamten Werksgel\u00e4nde sind Feuerl\u00f6scher und L\u00f6schschl\u00e4uche vorhanden.<br \/>\nDie Lage ist auf den Fluchtpl\u00e4nen gekennzeichnet. <\/div><div class=\"clear\"><\/div><\/div>[\/vc_column_inner][\/vc_row_inner][\/tab][tab icon_family=&#8220;none&#8220; title=&#8220;Datenschutzverordnung&#8220; id=&#8220;1705649150760-2&#8243; tab_id=&#8220;1705649150761-3&#8243;][vc_column_text]<strong>Datenschutzinformation gem\u00e4\u00df Art. 13 EU Verordnung 2016\/679 (DSGVO):<\/strong><\/p>\n<p>Ihre Daten sind gem\u00e4\u00df Artikel 6 der EU-Verordnung 2016\/679 f\u00fcr uns zwingend erforderlich.<\/p>\n<p>Die Rechtsgrundlage hierf\u00fcr ergibt sich aus Artikel 6 Absatz 1 Buchstabe a &amp; c.<\/p>\n<p>&nbsp;<\/p>\n<p>Unsere beauftragten Mitarbeitenden, sowohl in der Rezeption als auch in der IT, verarbeiten Ihre Daten f\u00fcr einen Zeitraum von 365 Tagen, unter Ber\u00fccksichtigung der Speicherbegrenzung gem\u00e4\u00df Artikel 13 Absatz 2 Buchstabe a. Pers\u00f6nliche Daten werden gem\u00e4\u00df Artikel 13 Absatz 1 Buchstabe d nur in bestimmten F\u00e4llen an Dritte weitergegeben, beispielsweise wenn dies zur Erbringung angefragter Dienstleistungen notwendig ist oder gesetzlich vorgeschrieben ist.<\/p>\n<p>&nbsp;<\/p>\n<p><strong>Verantwortlich f\u00fcr die Datenverarbeitung ist der Auftraggeber Tratter Engineering Srl mit Sitz in 39100 Bozen, Waltraud Gebert-Deegstr. 10.<\/strong><\/p>\n<p>&nbsp;<\/p>\n<p>Gem\u00e4\u00df Artikel 77-79 der EU-Verordnung 2016\/679 k\u00f6nnen Beschwerden unter anderem an Garanteprivacy oder an das Verwaltungsgericht in Bozen gerichtet werden.<\/p>\n<p>&nbsp;<\/p>\n<p>Weitere Informationen sowie die Aus\u00fcbung Ihrer Rechte auf Berichtigung, Auskunft, L\u00f6schung, Einschr\u00e4nkung, Widerspruch und Daten\u00fcbertragung k\u00f6nnen Sie an den Verantwortlichen, Tratter Engineering Srl, Waltraud-Gebert-Deeg Stra\u00dfe 10, 39100 Bozen, per E-Mail an info@trattereng.com anfragen. Unsere Mitarbeiter sind entsprechend geschult und pr\u00fcfen die Anfragen t\u00e4glich.<\/p>\n<p>&nbsp;<\/p>\n<p>Weitere Details finden Sie <a href=\"https:\/\/trattereng.com\/wp-content\/uploads\/2024\/01\/Datenschutzverordnung_DE.pdf\">hier<\/a>.[\/vc_column_text][\/tab][\/tabbed_section][\/vc_column][\/vc_row]\n","protected":false},"excerpt":{"rendered":"<p>[vc_row type=&#8220;in_container&#8220; full_screen_row_position=&#8220;middle&#8220; column_margin=&#8220;default&#8220; column_direction=&#8220;default&#8220; column_direction_tablet=&#8220;default&#8220; column_direction_phone=&#8220;default&#8220; scene_position=&#8220;center&#8220; top_margin=&#8220;2%&#8220; top_margin_phone=&#8220;5%&#8220; text_color=&#8220;dark&#8220; text_align=&#8220;left&#8220; row_border_radius=&#8220;none&#8220; row_border_radius_applies=&#8220;bg&#8220; overflow=&#8220;visible&#8220; advanced_gradient_angle=&#8220;0&#8243; overlay_strength=&#8220;0.3&#8243; gradient_direction=&#8220;left_to_right&#8220; shape_divider_position=&#8220;bottom&#8220; bg_image_animation=&#8220;none&#8220; gradient_type=&#8220;default&#8220; shape_type=&#8220;&#8220;][vc_column column_padding=&#8220;no-extra-padding&#8220; column_padding_tablet=&#8220;inherit&#8220; column_padding_phone=&#8220;inherit&#8220; column_padding_position=&#8220;all&#8220; column_element_spacing=&#8220;default&#8220; background_color_opacity=&#8220;1&#8243; background_hover_color_opacity=&#8220;1&#8243; column_shadow=&#8220;none&#8220; column_border_radius=&#8220;none&#8220; column_link_target=&#8220;_self&#8220; column_position=&#8220;default&#8220; advanced_gradient_angle=&#8220;0&#8243; gradient_direction=&#8220;left_to_right&#8220; overlay_strength=&#8220;0.3&#8243; width=&#8220;2\/4&#8243; tablet_width_inherit=&#8220;default&#8220; tablet_text_alignment=&#8220;default&#8220; phone_text_alignment=&#8220;default&#8220;&#8230;<\/p>\n","protected":false},"author":5,"featured_media":0,"parent":0,"menu_order":0,"comment_status":"closed","ping_status":"closed","template":"","meta":{"footnotes":""},"class_list":["post-8184","page","type-page","status-publish"],"_links":{"self":[{"href":"https:\/\/trattereng.com\/de\/wp-json\/wp\/v2\/pages\/8184","targetHints":{"allow":["GET"]}}],"collection":[{"href":"https:\/\/trattereng.com\/de\/wp-json\/wp\/v2\/pages"}],"about":[{"href":"https:\/\/trattereng.com\/de\/wp-json\/wp\/v2\/types\/page"}],"author":[{"embeddable":true,"href":"https:\/\/trattereng.com\/de\/wp-json\/wp\/v2\/users\/5"}],"replies":[{"embeddable":true,"href":"https:\/\/trattereng.com\/de\/wp-json\/wp\/v2\/comments?post=8184"}],"version-history":[{"count":64,"href":"https:\/\/trattereng.com\/de\/wp-json\/wp\/v2\/pages\/8184\/revisions"}],"predecessor-version":[{"id":8906,"href":"https:\/\/trattereng.com\/de\/wp-json\/wp\/v2\/pages\/8184\/revisions\/8906"}],"wp:attachment":[{"href":"https:\/\/trattereng.com\/de\/wp-json\/wp\/v2\/media?parent=8184"}],"curies":[{"name":"wp","href":"https:\/\/api.w.org\/{rel}","templated":true}]}}